{"id":2383,"date":"2021-01-31T22:09:02","date_gmt":"2021-02-01T03:09:02","guid":{"rendered":"https:\/\/wdintlconsulting.com\/?page_id=2383"},"modified":"2026-01-09T10:14:35","modified_gmt":"2026-01-09T15:14:35","slug":"research-data","status":"publish","type":"page","link":"https:\/\/wdintlconsulting.com\/es\/eden-alternative-spain\/resources\/research-data\/","title":{"rendered":"Investigaci\u00f3n y datos"},"content":{"rendered":"<div data-elementor-type=\"wp-page\" data-elementor-id=\"2383\" class=\"elementor elementor-2383\" data-elementor-post-type=\"page\">\n\t\t\t\t\t\t<section class=\"elementor-section elementor-top-section elementor-element elementor-element-5e99577 elementor-section-boxed elementor-section-height-default elementor-section-height-default\" data-id=\"5e99577\" data-element_type=\"section\" data-e-type=\"section\" data-settings=\"{&quot;background_background&quot;:&quot;classic&quot;}\">\n\t\t\t\t\t\t<div class=\"elementor-container elementor-column-gap-default\">\n\t\t\t\t\t<div class=\"elementor-column elementor-col-100 elementor-top-column elementor-element elementor-element-b7a0ac8\" data-id=\"b7a0ac8\" data-element_type=\"column\" data-e-type=\"column\" data-settings=\"{&quot;background_background&quot;:&quot;classic&quot;}\">\n\t\t\t<div class=\"elementor-widget-wrap elementor-element-populated\">\n\t\t\t\t\t\t<div class=\"elementor-element elementor-element-34b98bb elementor-widget elementor-widget-heading\" data-id=\"34b98bb\" data-element_type=\"widget\" data-e-type=\"widget\" data-widget_type=\"heading.default\">\n\t\t\t\t<div class=\"elementor-widget-container\">\n\t\t\t\t\t<h2 class=\"elementor-heading-title elementor-size-default\">LA ALTERNATIVA ED\u00c9N INVESTIGACI\u00d3N Y DATOS<\/h2>\t\t\t\t<\/div>\n\t\t\t\t<\/div>\n\t\t\t\t\t<\/div>\n\t\t<\/div>\n\t\t\t\t\t<\/div>\n\t\t<\/section>\n\t\t\t\t<section class=\"elementor-section elementor-top-section elementor-element elementor-element-27532feb elementor-section-boxed elementor-section-height-default elementor-section-height-default\" data-id=\"27532feb\" data-element_type=\"section\" data-e-type=\"section\">\n\t\t\t\t\t\t<div class=\"elementor-container elementor-column-gap-default\">\n\t\t\t\t\t<div class=\"elementor-column elementor-col-100 elementor-top-column elementor-element elementor-element-36c875d6\" data-id=\"36c875d6\" data-element_type=\"column\" data-e-type=\"column\">\n\t\t\t<div class=\"elementor-widget-wrap elementor-element-populated\">\n\t\t\t\t\t\t<div class=\"elementor-element elementor-element-712c8ab elementor-widget elementor-widget-heading\" data-id=\"712c8ab\" data-element_type=\"widget\" data-e-type=\"widget\" data-widget_type=\"heading.default\">\n\t\t\t\t<div class=\"elementor-widget-container\">\n\t\t\t\t\t<h4 class=\"elementor-heading-title elementor-size-default\">Impacto probado<\/h4>\t\t\t\t<\/div>\n\t\t\t\t<\/div>\n\t\t\t\t<div class=\"elementor-element elementor-element-4ea95bd elementor-widget elementor-widget-text-editor\" data-id=\"4ea95bd\" data-element_type=\"widget\" data-e-type=\"widget\" data-widget_type=\"text-editor.default\">\n\t\t\t\t<div class=\"elementor-widget-container\">\n\t\t\t\t\t\t\t\t\t<p>Los estudios demuestran que la Alternativa Ed\u00e9n es una poderosa herramienta para mejorar la calidad de vida y la calidad de los cuidados de las personas que viven en comunidades asistenciales. Adem\u00e1s, las organizaciones que han adoptado la Ed\u00e9n como filosof\u00eda para toda la organizaci\u00f3n se benefician de la mejora de la satisfacci\u00f3n y la retenci\u00f3n del personal, y de la disminuci\u00f3n significativa del uso excesivo de medicamentos y sujeciones. Y lo que es m\u00e1s importante, los mayores, apoyados por sus cuidadores, pueden volver a dirigir su propia vida diaria.<\/p>\t\t\t\t\t\t\t\t<\/div>\n\t\t\t\t<\/div>\n\t\t\t\t<div class=\"elementor-element elementor-element-15196b5 elementor-widget elementor-widget-heading\" data-id=\"15196b5\" data-element_type=\"widget\" data-e-type=\"widget\" data-widget_type=\"heading.default\">\n\t\t\t\t<div class=\"elementor-widget-container\">\n\t\t\t\t\t<h4 class=\"elementor-heading-title elementor-size-default\">Investigaciones m\u00e1s recientes<\/h4>\t\t\t\t<\/div>\n\t\t\t\t<\/div>\n\t\t\t\t<div class=\"elementor-element elementor-element-37debba elementor-widget elementor-widget-text-editor\" data-id=\"37debba\" data-element_type=\"widget\" data-e-type=\"widget\" data-widget_type=\"text-editor.default\">\n\t\t\t\t<div class=\"elementor-widget-container\">\n\t\t\t\t\t\t\t\t\t<p>Nuevos an\u00e1lisis revelan que la Alternativa Ed\u00e9n se asocia con una diferencia significativa en las calificaciones de cinco estrellas de las residencias de mayores (EEUU) y en la reducci\u00f3n del uso de antipsic\u00f3ticos de larga duraci\u00f3n.<\/p><p>Ver <a href=\"https:\/\/www.edenalt.org\/resources\/research-and-data\/\" target=\"_blank\" rel=\"noopener\">https:\/\/www.edenalt.org\/resources\/research-and-data\/<\/a><\/p>\t\t\t\t\t\t\t\t<\/div>\n\t\t\t\t<\/div>\n\t\t\t\t<div class=\"elementor-element elementor-element-0946432 elementor-widget elementor-widget-heading\" data-id=\"0946432\" data-element_type=\"widget\" data-e-type=\"widget\" data-widget_type=\"heading.default\">\n\t\t\t\t<div class=\"elementor-widget-container\">\n\t\t\t\t\t<h4 class=\"elementor-heading-title elementor-size-default\">Resultados de la Alternativa Ed\u00e9n Internacional<\/h4>\t\t\t\t<\/div>\n\t\t\t\t<\/div>\n\t\t\t\t<div class=\"elementor-element elementor-element-17afeb4c elementor-widget elementor-widget-text-editor\" data-id=\"17afeb4c\" data-element_type=\"widget\" data-e-type=\"widget\" data-widget_type=\"text-editor.default\">\n\t\t\t\t<div class=\"elementor-widget-container\">\n\t\t\t\t\t\t\t\t\t<p>En el verano de 2019, se llev\u00f3 a cabo un estudio en Estados Unidos, que mostr\u00f3 una diferencia significativa en la calidad de los hogares que adoptaron la filosof\u00eda de la Alternativa Ed\u00e9n en comparaci\u00f3n con otros hogares de mayores en Estados Unidos, evaluados a trav\u00e9s de los resultados comparados en el sistema de evaluaci\u00f3n del gobierno federal.<\/p><p>Puede obtener una visi\u00f3n general de los resultados internacionales en ingl\u00e9s de muchos procesos de cambio diferentes en el <a href=\"https:\/\/www.edenalt.org\/resources\/research-and-data\/\" target=\"_blank\" rel=\"noopener\">P\u00e1gina web de Eden Alternative American: Investigaci\u00f3n y datos<\/a><\/p>\t\t\t\t\t\t\t\t<\/div>\n\t\t\t\t<\/div>\n\t\t\t\t\t<\/div>\n\t\t<\/div>\n\t\t\t\t\t<\/div>\n\t\t<\/section>\n\t\t\t\t<\/div>","protected":false},"excerpt":{"rendered":"<p>THE EDEN ALTERNATIVE RESEARCH &amp; DATA Proven Impact Studies show that the Eden Alternative is a powerful tool for improving the quality of life and quality of care for those living in care communities. In addition, organizations that have adopted Eden as an organizational-wide philosophy benefit from improved staff satisfaction and retention, and significant decreases [&hellip;]<\/p>\n","protected":false},"author":8,"featured_media":0,"parent":2356,"menu_order":0,"comment_status":"closed","ping_status":"closed","template":"","meta":{"footnotes":""},"class_list":["post-2383","page","type-page","status-publish","hentry"],"jetpack_sharing_enabled":true,"_links":{"self":[{"href":"https:\/\/wdintlconsulting.com\/es\/wp-json\/wp\/v2\/pages\/2383","targetHints":{"allow":["GET"]}}],"collection":[{"href":"https:\/\/wdintlconsulting.com\/es\/wp-json\/wp\/v2\/pages"}],"about":[{"href":"https:\/\/wdintlconsulting.com\/es\/wp-json\/wp\/v2\/types\/page"}],"author":[{"embeddable":true,"href":"https:\/\/wdintlconsulting.com\/es\/wp-json\/wp\/v2\/users\/8"}],"replies":[{"embeddable":true,"href":"https:\/\/wdintlconsulting.com\/es\/wp-json\/wp\/v2\/comments?post=2383"}],"version-history":[{"count":5,"href":"https:\/\/wdintlconsulting.com\/es\/wp-json\/wp\/v2\/pages\/2383\/revisions"}],"predecessor-version":[{"id":6470,"href":"https:\/\/wdintlconsulting.com\/es\/wp-json\/wp\/v2\/pages\/2383\/revisions\/6470"}],"up":[{"embeddable":true,"href":"https:\/\/wdintlconsulting.com\/es\/wp-json\/wp\/v2\/pages\/2356"}],"wp:attachment":[{"href":"https:\/\/wdintlconsulting.com\/es\/wp-json\/wp\/v2\/media?parent=2383"}],"curies":[{"name":"wp","href":"https:\/\/api.w.org\/{rel}","templated":true}]}}