{"id":5095,"date":"2021-02-09T13:27:19","date_gmt":"2021-02-09T18:27:19","guid":{"rendered":"https:\/\/wdintlconsulting.com\/?page_id=5095"},"modified":"2022-10-14T08:53:58","modified_gmt":"2022-10-14T12:53:58","slug":"view-the-registry","status":"publish","type":"page","link":"https:\/\/wdintlconsulting.com\/es\/eden-alternative-spain\/eden-alternative-spain-registry\/view-the-registry\/","title":{"rendered":"Ver el registro"},"content":{"rendered":"<div data-elementor-type=\"wp-page\" data-elementor-id=\"5095\" class=\"elementor elementor-5095\" data-elementor-post-type=\"page\">\n\t\t\t\t\t\t<section class=\"elementor-section elementor-top-section elementor-element elementor-element-758f4c2 elementor-section-boxed elementor-section-height-default elementor-section-height-default\" data-id=\"758f4c2\" data-element_type=\"section\" data-e-type=\"section\" data-settings=\"{&quot;background_background&quot;:&quot;classic&quot;}\">\n\t\t\t\t\t\t<div class=\"elementor-container elementor-column-gap-default\">\n\t\t\t\t\t<div class=\"elementor-column elementor-col-100 elementor-top-column elementor-element elementor-element-5aaf228\" data-id=\"5aaf228\" data-element_type=\"column\" data-e-type=\"column\" data-settings=\"{&quot;background_background&quot;:&quot;classic&quot;}\">\n\t\t\t<div class=\"elementor-widget-wrap elementor-element-populated\">\n\t\t\t\t\t\t<div class=\"elementor-element elementor-element-2f405c0 elementor-widget elementor-widget-heading\" data-id=\"2f405c0\" data-element_type=\"widget\" data-e-type=\"widget\" data-widget_type=\"heading.default\">\n\t\t\t\t<div class=\"elementor-widget-container\">\n\t\t\t\t\t<h2 class=\"elementor-heading-title elementor-size-default\">Organizaciones certificadas por La Alternativa Ed\u00e9n Espa\u00f1a<\/h2>\t\t\t\t<\/div>\n\t\t\t\t<\/div>\n\t\t\t\t\t<\/div>\n\t\t<\/div>\n\t\t\t\t\t<\/div>\n\t\t<\/section>\n\t\t\t\t<section class=\"elementor-section elementor-top-section elementor-element elementor-element-08e8ea8 elementor-section-boxed elementor-section-height-default elementor-section-height-default\" data-id=\"08e8ea8\" data-element_type=\"section\" data-e-type=\"section\">\n\t\t\t\t\t\t<div class=\"elementor-container elementor-column-gap-default\">\n\t\t\t\t\t<div class=\"elementor-column elementor-col-100 elementor-top-column elementor-element elementor-element-32db3eb\" data-id=\"32db3eb\" data-element_type=\"column\" data-e-type=\"column\">\n\t\t\t<div class=\"elementor-widget-wrap elementor-element-populated\">\n\t\t\t\t\t\t<div class=\"elementor-element elementor-element-8bea173 elementor-widget elementor-widget-text-editor\" data-id=\"8bea173\" data-element_type=\"widget\" data-e-type=\"widget\" data-widget_type=\"text-editor.default\">\n\t\t\t\t<div class=\"elementor-widget-container\">\n\t\t\t\t\t\t\t\t\t<p>La Alternativa Ed\u00e9n Espa\u00f1a est\u00e1 empezando a trabajar con proveedores en Espa\u00f1a. Las organizaciones est\u00e1n trabajando con nosotros para proporcionar formaci\u00f3n b\u00e1sica centrada en la persona para el personal. A continuaci\u00f3n, evaluar\u00e1n y analizar\u00e1n su entorno actual y desarrollar\u00e1n un plan de acci\u00f3n para integrar los Principios y Pr\u00e1cticas de Ed\u00e9n dentro de su organizaci\u00f3n. A continuaci\u00f3n, estas organizaciones completar\u00e1n las cualificaciones a ser incluidas en la lista de Organizaciones Certificadas Ed\u00e9n.\u00a0<\/p><p>A medida que las organizaciones se certifiquen, se destacar\u00e1n aqu\u00ed.<\/p>\t\t\t\t\t\t\t\t<\/div>\n\t\t\t\t<\/div>\n\t\t\t\t<div class=\"elementor-element elementor-element-4778018 elementor-widget elementor-widget-button\" data-id=\"4778018\" data-element_type=\"widget\" data-e-type=\"widget\" data-widget_type=\"button.default\">\n\t\t\t\t<div class=\"elementor-widget-container\">\n\t\t\t\t\t\t\t\t\t<div class=\"elementor-button-wrapper\">\n\t\t\t\t\t<a class=\"elementor-button elementor-button-link elementor-size-sm elementor-animation-grow\" href=\"https:\/\/wdintlconsulting.com\/es\/eden-alternative-spain\/join-us\/\">\n\t\t\t\t\t\t<span class=\"elementor-button-content-wrapper\">\n\t\t\t\t\t\t\t\t\t<span class=\"elementor-button-text\">Contacte con nosotros para saber m\u00e1s<\/span>\n\t\t\t\t\t<\/span>\n\t\t\t\t\t<\/a>\n\t\t\t\t<\/div>\n\t\t\t\t\t\t\t\t<\/div>\n\t\t\t\t<\/div>\n\t\t\t\t\t<\/div>\n\t\t<\/div>\n\t\t\t\t\t<\/div>\n\t\t<\/section>\n\t\t\t\t<\/div>","protected":false},"excerpt":{"rendered":"<p>Eden Alternative Spain Certified Organizations Eden Alternative SPAIN is the newest Eden Alternative Global Partner.\u00a0 Organizations are working to become qualified as Eden Spain Certified Organizations. Along with providing person-directed education for staff and certifying them as Eden Associates, they will assess and analyze their current environment and develop an action plan to integrate the [&hellip;]<\/p>\n","protected":false},"author":8,"featured_media":0,"parent":2316,"menu_order":0,"comment_status":"closed","ping_status":"closed","template":"","meta":{"footnotes":""},"class_list":["post-5095","page","type-page","status-publish","hentry"],"jetpack_sharing_enabled":true,"_links":{"self":[{"href":"https:\/\/wdintlconsulting.com\/es\/wp-json\/wp\/v2\/pages\/5095","targetHints":{"allow":["GET"]}}],"collection":[{"href":"https:\/\/wdintlconsulting.com\/es\/wp-json\/wp\/v2\/pages"}],"about":[{"href":"https:\/\/wdintlconsulting.com\/es\/wp-json\/wp\/v2\/types\/page"}],"author":[{"embeddable":true,"href":"https:\/\/wdintlconsulting.com\/es\/wp-json\/wp\/v2\/users\/8"}],"replies":[{"embeddable":true,"href":"https:\/\/wdintlconsulting.com\/es\/wp-json\/wp\/v2\/comments?post=5095"}],"version-history":[{"count":5,"href":"https:\/\/wdintlconsulting.com\/es\/wp-json\/wp\/v2\/pages\/5095\/revisions"}],"predecessor-version":[{"id":6200,"href":"https:\/\/wdintlconsulting.com\/es\/wp-json\/wp\/v2\/pages\/5095\/revisions\/6200"}],"up":[{"embeddable":true,"href":"https:\/\/wdintlconsulting.com\/es\/wp-json\/wp\/v2\/pages\/2316"}],"wp:attachment":[{"href":"https:\/\/wdintlconsulting.com\/es\/wp-json\/wp\/v2\/media?parent=5095"}],"curies":[{"name":"wp","href":"https:\/\/api.w.org\/{rel}","templated":true}]}}