{"id":5270,"date":"2021-02-11T21:12:11","date_gmt":"2021-02-12T02:12:11","guid":{"rendered":"https:\/\/wdintlconsulting.com\/?page_id=5270"},"modified":"2021-02-25T11:52:32","modified_gmt":"2021-02-25T16:52:32","slug":"terms-and-conditions","status":"publish","type":"page","link":"https:\/\/wdintlconsulting.com\/es\/terms-and-conditions\/","title":{"rendered":"T\u00e9rminos y condiciones"},"content":{"rendered":"<div data-elementor-type=\"wp-page\" data-elementor-id=\"5270\" class=\"elementor elementor-5270\" data-elementor-post-type=\"page\">\n\t\t\t\t\t\t<section class=\"elementor-section elementor-top-section elementor-element elementor-element-327fed2b elementor-section-boxed elementor-section-height-default elementor-section-height-default\" data-id=\"327fed2b\" data-element_type=\"section\" data-e-type=\"section\">\n\t\t\t\t\t\t<div class=\"elementor-container elementor-column-gap-default\">\n\t\t\t\t\t<div class=\"elementor-column elementor-col-100 elementor-top-column elementor-element elementor-element-244c9565\" data-id=\"244c9565\" data-element_type=\"column\" data-e-type=\"column\">\n\t\t\t<div class=\"elementor-widget-wrap elementor-element-populated\">\n\t\t\t\t\t\t<div class=\"elementor-element elementor-element-75db6af9 elementor-widget elementor-widget-text-editor\" data-id=\"75db6af9\" data-element_type=\"widget\" data-e-type=\"widget\" data-widget_type=\"text-editor.default\">\n\t\t\t\t<div class=\"elementor-widget-container\">\n\t\t\t\t\t\t\t\t\t<h3>\u00a0<\/h3><p>T\u00e9rminos y condiciones<\/p><p><br \/>\u00daLTIMA ACTUALIZACI\u00d3N: 2020-11-25<\/p><p>Le rogamos que lea atentamente estas Condiciones Generales (\"Condiciones\", \"T\u00e9rminos y Condiciones\") antes de utilizar el sitio web https:\/\/url.com (el \"Sitio Web\") operado por Company Name, una(s) sociedad(es) constituida(s) en Georgia (\"nosotros\", \"nuestro(s)\"), ya que estas Condiciones Generales contienen informaci\u00f3n importante sobre las limitaciones de nuestra responsabilidad. Su acceso y uso del Sitio Web est\u00e1 condicionado a la aceptaci\u00f3n y cumplimiento de estas Condiciones. Estas Condiciones se aplican a todas las personas, incluyendo, pero sin limitarse a: visitantes, usuarios y otros, que deseen acceder o utilizar el Sitio Web.<br \/>Al acceder o utilizar el sitio web, usted acepta quedar obligado por estas condiciones. Si no est\u00e1 de acuerdo con alguna parte de las condiciones, no tiene nuestro permiso para acceder o utilizar el sitio web.<br \/>Disponibilidad, errores e inexactitudes<br \/>No asumimos ninguna responsabilidad por la disponibilidad, los errores o las inexactitudes de la informaci\u00f3n proporcionada en este sitio web. Podemos experimentar retrasos en la actualizaci\u00f3n de la informaci\u00f3n en el sitio web y en nuestra publicidad en otros sitios web. La informaci\u00f3n, los productos y los servicios que se encuentran en el sitio web pueden contener errores o inexactitudes o pueden no estar completos o actualizados. Los servicios pueden tener un precio incorrecto, estar descritos de forma inexacta o no estar disponibles en el sitio web, y no podemos garantizar la exactitud o integridad de la informaci\u00f3n que se encuentra en el sitio web. Nos reservamos expresamente el derecho a corregir cualquier error de precios en nuestro sitio web.<\/p><p>No hacemos ninguna declaraci\u00f3n sobre la idoneidad de la informaci\u00f3n, los productos y los servicios contenidos en este sitio web para cualquier prop\u00f3sito, y la inclusi\u00f3n u oferta de cualquier producto o servicio en este sitio web no constituye ninguna aprobaci\u00f3n o recomendaci\u00f3n de dichos productos o servicios por nuestra parte. Renunciamos a toda garant\u00eda y condiciones de que este sitio web, sus servidores o cualquier correo electr\u00f3nico enviado por nosotros est\u00e9 libre de virus u otros componentes da\u00f1inos.<\/p><p>Enlaces a sitios de terceros<\/p><p>Este sitio web puede contener hiperv\u00ednculos a sitios web operados por terceros. Proporcionamos dichos hiperv\u00ednculos s\u00f3lo para su referencia. No controlamos dichos sitios web y no somos responsables de su contenido ni de la privacidad u otras pr\u00e1cticas de dichos sitios web. Adem\u00e1s, usted debe tomar precauciones para asegurarse de que los enlaces que seleccione o el software que descargue (ya sea de este sitio web o de otros) est\u00e9n libres de virus, gusanos, troyanos, defectos y otros elementos de naturaleza destructiva. La inclusi\u00f3n de hiperv\u00ednculos a dichos sitios web no implica la aprobaci\u00f3n del material de los mismos ni ninguna asociaci\u00f3n con sus operadores.<\/p><p>Propiedad Intelectual<br \/>Todo el contenido de este sitio web es \u00a92020 Nombre de la empresa. Todos los derechos reservados. El sitio web, y todo el contenido y otros materiales de este sitio web, incluyendo, sin limitaci\u00f3n, todos los logotipos, dise\u00f1os, textos, gr\u00e1ficos, im\u00e1genes, informaci\u00f3n, datos, software, archivos de sonido, otros archivos y la selecci\u00f3n y disposici\u00f3n de los mismos (colectivamente, \"Contenido\") son propiedad de Nombre de la empresa y son marcas registradas o marcas comerciales de Nombre de la empresa en los EE.UU. y \/ o otros pa\u00edses. Otros logotipos y nombres de productos y empresas mencionados en el presente documento pueden ser marcas comerciales de sus respectivos propietarios. No nos hacemos responsables del contenido de los sitios web operados por terceros.<\/p><p>Si tiene conocimiento de una infracci\u00f3n de nuestra propiedad intelectual, inf\u00f3rmenos poni\u00e9ndose en contacto con nosotros en la direcci\u00f3n de correo electr\u00f3nico de contacto.<\/p><p>Respetamos los derechos de propiedad intelectual de los dem\u00e1s. Nuestra pol\u00edtica es responder a cualquier reclamaci\u00f3n de que el Contenido publicado en el Sitio Web infringe los derechos de autor u otros derechos de propiedad intelectual de cualquier persona o entidad.<\/p><p>Si usted es un propietario de derechos de autor, o est\u00e1 autorizado en nombre de uno, y cree que el trabajo con derechos de autor ha sido copiado de una manera que constituye una infracci\u00f3n de los derechos de autor, por favor, env\u00ede su reclamaci\u00f3n por correo electr\u00f3nico a la direcci\u00f3n de correo electr\u00f3nico de Contacto, con la l\u00ednea de asunto: \"Infracci\u00f3n de los derechos de autor\" e incluya en su reclamaci\u00f3n una descripci\u00f3n detallada de la supuesta infracci\u00f3n, tal y como se detalla a continuaci\u00f3n, en el apartado \"Aviso de la DMCA y procedimiento para las reclamaciones por infracci\u00f3n de los derechos de autor\". Nuestro agente de derechos de autor es Nombre del propietario. La siguiente es su informaci\u00f3n de contacto:<br \/>Direcci\u00f3n de correo electr\u00f3nico del propietario<br \/>N\u00famero de tel\u00e9fono del propietario<br \/>Direcci\u00f3n f\u00edsica del propietario<\/p><p>Usted puede ser responsable de los da\u00f1os y perjuicios (incluidos los costes y los honorarios de los abogados) por cualquier tergiversaci\u00f3n o reclamaci\u00f3n de mala fe sobre la infracci\u00f3n de cualquier Contenido encontrado en y\/o a trav\u00e9s del Sitio Web sobre sus derechos de autor.<\/p><p>Si cree de buena fe que los materiales alojados por nosotros infringen sus derechos de autor, usted (o su agente) puede enviarnos una notificaci\u00f3n por escrito que incluya la siguiente informaci\u00f3n. Tenga en cuenta que no tramitaremos su reclamaci\u00f3n si no est\u00e1 debidamente cumplimentada o est\u00e1 incompleta. Para denunciar que se han infringido sus derechos de propiedad intelectual, env\u00edenos un correo electr\u00f3nico a la direcci\u00f3n del propietario e incluya la siguiente informaci\u00f3n:<\/p><p>una firma electr\u00f3nica o f\u00edsica de la persona autorizada a actuar en nombre del titular de los derechos de autor;<br \/>una descripci\u00f3n del trabajo protegido por derechos de autor que usted afirma que ha sido infringido, incluyendo la URL (es decir, la direcci\u00f3n de la p\u00e1gina web) del lugar donde existe el trabajo protegido por derechos de autor o una copia del mismo;<br \/>su direcci\u00f3n, n\u00famero de tel\u00e9fono y direcci\u00f3n de correo electr\u00f3nico;<br \/>una declaraci\u00f3n en la que manifieste que cree de buena fe que el uso controvertido no est\u00e1 autorizado por el propietario de los derechos de autor, su agente o la ley.<\/p><p><br \/>Da\u00f1os y perjuicios<br \/>EN NING\u00daN CASO EL NOMBRE DE LA EMPRESA SER\u00c1 RESPONSABLE DE NING\u00daN DA\u00d1O DIRECTO, INDIRECTO, PUNITIVO, INCIDENTAL, ESPECIAL O CONSECUENTE QUE SURJA DE, O EST\u00c9 RELACIONADO DE ALGUNA MANERA CON, EL ACCESO, LA VISUALIZACI\u00d3N O EL USO DE ESTE SITIO WEB O CON EL RETRASO O LA IMPOSIBILIDAD DE ACCEDER, VISUALIZAR O UTILIZAR ESTE SITIO WEB (INCLUYENDO, PERO SIN LIMITARSE A, SU CONFIANZA EN LAS OPINIONES QUE APARECEN EN ESTE SITIO WEB; CUALQUIER VIRUS INFORM\u00c1TICO, INFORMACI\u00d3N, SOFTWARE, SITIOS ENLAZADOS, PRODUCTOS Y SERVICIOS QUE SE OBTENGAN A TRAV\u00c9S DE ESTE SITIO WEB; O QUE SE DERIVEN DEL ACCESO, LA VISUALIZACI\u00d3N O EL USO DE ESTE SITIO WEB, TANTO SI SE BASAN EN UNA TEOR\u00cdA DE NEGLIGENCIA, CONTRATO, AGRAVIO, RESPONSABILIDAD ESTRICTA, ESTATUTOS DE PROTECCI\u00d3N DEL CONSUMIDOR O DE OTRO TIPO, E INCLUSO SI SE HA ADVERTIDO A COMPANY NAME DE LA POSIBILIDAD DE TALES DA\u00d1OS.SI, A PESAR DE LA LIMITACI\u00d3N ANTERIOR, NOMBRE DE LA EMPRESA ES RESPONSABLE DE CUALQUIER P\u00c9RDIDA O DA\u00d1O QUE SURJA O EST\u00c9 RELACIONADO DE ALGUNA MANERA CON CUALQUIERA DE LOS SUCESOS DESCRITOS ANTERIORMENTE, ENTONCES LA RESPONSABILIDAD DE NOMBRE DE LA EMPRESA NO EXCEDER\u00c1 EN NING\u00daN CASO LAS TARIFAS DE SERVICIO QUE USTED PAG\u00d3 A NOMBRE DE LA EMPRESA EN RELACI\u00d3N CON DICHA(S) TRANSACCI\u00d3N(ES) EN ESTE SITIO WEB. LA LIMITACI\u00d3N DE LA RESPONSABILIDAD REFLEJA LA ASIGNACI\u00d3N DEL RIESGO ENTRE LAS PARTES. LAS LIMITACIONES ESPECIFICADAS EN ESTA SECCI\u00d3N SEGUIR\u00c1N VIGENTES Y SE APLICAR\u00c1N INCLUSO SI SE DETERMINA QUE CUALQUIER RECURSO LIMITADO ESPECIFICADO EN ESTAS CONDICIONES DE USO NO CUMPLE SU PROP\u00d3SITO ESENCIAL. LAS LIMITACIONES DE RESPONSABILIDAD PREVISTAS EN ESTAS CONDICIONES DE USO REDUNDAN EN BENEFICIO DE COMPANY NAME.<\/p><p>Ley aplicable, divisibilidad, resoluci\u00f3n de litigios y jurisdicci\u00f3n<\/p><p>Estas Condiciones se regir\u00e1n e interpretar\u00e1n de acuerdo con las leyes de Georgia, Estados Unidos, sin tener en cuenta su conflicto de disposiciones legales.<br \/>El hecho de que no hagamos valer cualquier derecho o disposici\u00f3n de estas Condiciones no se considerar\u00e1 una renuncia a esos derechos. Si alguna de las disposiciones de estas Condiciones es considerada inv\u00e1lida o inaplicable por un tribunal, las restantes disposiciones de estas Condiciones seguir\u00e1n en vigor. Estas Condiciones constituyen el acuerdo completo entre nosotros en relaci\u00f3n con nuestro sitio web, y sustituyen y reemplazan cualquier acuerdo anterior que hayamos podido tener entre nosotros en relaci\u00f3n con el sitio web.<\/p><p>Cualquier controversia o reclamaci\u00f3n que surja de estos T\u00e9rminos y Condiciones o est\u00e9 relacionada con ellos, incluyendo, sin limitaci\u00f3n, la interpretaci\u00f3n o el incumplimiento de los mismos, se resolver\u00e1 en un tribunal de jurisdicci\u00f3n competente en Georgia.<\/p><p>Cambios<br \/>Nos reservamos el derecho de modificar esta pol\u00edtica en cualquier momento sin previo aviso.<\/p><p>Preguntas<br \/>Si tiene alguna pregunta sobre nuestras condiciones, p\u00f3ngase en contacto con nosotros en el correo electr\u00f3nico del propietario.<\/p>\t\t\t\t\t\t\t\t<\/div>\n\t\t\t\t<\/div>\n\t\t\t\t\t<\/div>\n\t\t<\/div>\n\t\t\t\t\t<\/div>\n\t\t<\/section>\n\t\t\t\t<\/div>","protected":false},"excerpt":{"rendered":"<p>\u00a0 Terms and Conditions LAST UPDATED: 2020-11-25 Please read these Terms and Conditions (&#8220;Terms&#8221;, &#8220;Terms and Conditions&#8221;) carefully before using the https:\/\/url.com Website (the &#8220;Website&#8221;) operated by Company Name, a(n) Corporation formed in Georgia (&#8220;us&#8221;, &#8220;we&#8221;, &#8220;our&#8221;) as these Terms and Conditions contain important information regarding limitations of our liability. Your access to and use [&hellip;]<\/p>\n","protected":false},"author":8,"featured_media":0,"parent":0,"menu_order":0,"comment_status":"closed","ping_status":"closed","template":"","meta":{"footnotes":""},"class_list":["post-5270","page","type-page","status-publish","hentry"],"jetpack_sharing_enabled":true,"_links":{"self":[{"href":"https:\/\/wdintlconsulting.com\/es\/wp-json\/wp\/v2\/pages\/5270","targetHints":{"allow":["GET"]}}],"collection":[{"href":"https:\/\/wdintlconsulting.com\/es\/wp-json\/wp\/v2\/pages"}],"about":[{"href":"https:\/\/wdintlconsulting.com\/es\/wp-json\/wp\/v2\/types\/page"}],"author":[{"embeddable":true,"href":"https:\/\/wdintlconsulting.com\/es\/wp-json\/wp\/v2\/users\/8"}],"replies":[{"embeddable":true,"href":"https:\/\/wdintlconsulting.com\/es\/wp-json\/wp\/v2\/comments?post=5270"}],"version-history":[{"count":5,"href":"https:\/\/wdintlconsulting.com\/es\/wp-json\/wp\/v2\/pages\/5270\/revisions"}],"predecessor-version":[{"id":5286,"href":"https:\/\/wdintlconsulting.com\/es\/wp-json\/wp\/v2\/pages\/5270\/revisions\/5286"}],"wp:attachment":[{"href":"https:\/\/wdintlconsulting.com\/es\/wp-json\/wp\/v2\/media?parent=5270"}],"curies":[{"name":"wp","href":"https:\/\/api.w.org\/{rel}","templated":true}]}}